{"id":118,"date":"2026-01-17T21:14:15","date_gmt":"2026-01-17T21:14:15","guid":{"rendered":"http:\/\/pirouettecie.fr\/?page_id=118"},"modified":"2026-05-12T07:22:45","modified_gmt":"2026-05-12T07:22:45","slug":"agenda","status":"publish","type":"page","link":"https:\/\/pirouettecie.fr\/?page_id=118","title":{"rendered":"Agenda"},"content":{"rendered":"\n<div style=\"height:55px\" aria-hidden=\"true\" class=\"wp-block-spacer\"><\/div>\n\n\n\n<h1 class=\"wp-block-heading has-text-align-center\" style=\"font-size:48px\">Dates \u00e0 venir<\/h1>\n\n\n\n<div class=\"wp-block-columns is-layout-flex wp-container-core-columns-is-layout-28f84493 wp-block-columns-is-layout-flex\">\n<div class=\"wp-block-column is-layout-flow wp-block-column-is-layout-flow\">\n<p class=\"has-text-align-center\">Les <strong>repr\u00e9sentations \u00e0 venir sont ouvertes<\/strong> aux personnes en charge de la programmation et aux responsables de structures int\u00e9ress\u00e9es par le spectacle.<\/p>\n<\/div>\n\n\n\n<div class=\"wp-block-column is-layout-flow wp-block-column-is-layout-flow\">\n<p class=\"has-text-align-center\"><strong>Contactez-nous<\/strong> par mail ou t\u00e9l\u00e9phone pour<strong> <\/strong>r\u00e9server une place via le th\u00e9\u00e2tre et poser vos questions.<\/p>\n<\/div>\n<\/div>\n\n\n\n<div class=\"wp-block-columns colonne-gauche-titres is-layout-flex wp-container-core-columns-is-layout-28f84493 wp-block-columns-is-layout-flex\">\n<div class=\"wp-block-column is-layout-flow wp-block-column-is-layout-flow\">\n<p class=\"has-ast-global-color-3-color has-text-color has-link-color wp-elements-5d6bd8f36aace55df1cf36b874e0de74\"><span style=\"font-family: 'Borel', sans-serif; font-size: 22px; color: #639dce; font-weight: bold;\">Les Musiciens de Br\u00eame<\/span><br><span style=\"font-family: 'Roboto', sans-serif;\">\ud83d\udcc5 <span style=\"font-family: 'Roboto', sans-serif;\"><span style=\"font-family: 'Roboto', sans-serif;\">Du 5 septembre au 8 novembre 2026 <\/span>\u2013 <\/span>Le Funambule (75018)<\/span><\/p>\n\n\n\n<p class=\"has-ast-global-color-3-color has-text-color has-link-color wp-elements-a7c67e6e526bf6de702e00e5f27ee40d\">\ud83d\udcc5 <span style=\"font-family: 'Roboto', sans-serif;\">Du 13 mars au 17 mai 2027 \u2013 Akt\u00e9on Th\u00e9\u00e2tre Paris (75011)<\/span><\/p>\n\n\n\n<div style=\"height:15px\" aria-hidden=\"true\" class=\"wp-block-spacer\"><\/div>\n\n\n\n<p><span style=\"font-family: 'Borel', sans-serif; font-size: 22px; color: #639dce; font-weight: bold;\">Le Petit Chat Bott\u00e9<\/span><br><span style=\"font-family: 'Roboto', sans-serif;\">\ud83d\udcc5 Du 3 octobre au 2 d\u00e9cembre 2026 \u2013 Th\u00e9\u00e2tre Essa\u00efon (75004)<\/span><\/p>\n\n\n\n<p><span style=\"font-family: 'Roboto', sans-serif;\">\ud83d\udcc5 Du 9 janvier au 7 mars 2027 \u2013 Akt\u00e9on Th\u00e9\u00e2tre Montreuil<\/span><\/p>\n\n\n\n<div style=\"height:15px\" aria-hidden=\"true\" class=\"wp-block-spacer\"><\/div>\n\n\n\n<p><span style=\"font-family: 'Borel', sans-serif; font-size: 22px; color: #639dce; font-weight: bold;\">Jade et le Haricot Magique<\/span> \ud83c\udf1f <strong><em>Nouveau spectacle !<\/em><\/strong><br>\ud83d\udcc5 <span style=\"font-family: 'Roboto', sans-serif;\"><span style=\"font-family: 'Roboto', sans-serif;\">Du <\/span>24 avril au 17 mai 2027 \u2013 Akt\u00e9on Th\u00e9\u00e2tre Paris (75011)<\/span><\/p>\n\n\n\n<figure class=\"wp-block-image aligncenter size-full is-resized\"><img loading=\"lazy\" decoding=\"async\" width=\"951\" height=\"696\" src=\"https:\/\/pirouettecie.fr\/wp-content\/uploads\/2026\/01\/Affiches-AGENDA-JPG.jpg\" alt=\"\" class=\"wp-image-657\" style=\"aspect-ratio:1.3663948894679332;width:394px;height:auto\" srcset=\"https:\/\/pirouettecie.fr\/wp-content\/uploads\/2026\/01\/Affiches-AGENDA-JPG.jpg 951w, https:\/\/pirouettecie.fr\/wp-content\/uploads\/2026\/01\/Affiches-AGENDA-JPG-300x220.jpg 300w, https:\/\/pirouettecie.fr\/wp-content\/uploads\/2026\/01\/Affiches-AGENDA-JPG-768x562.jpg 768w\" sizes=\"auto, (max-width: 951px) 100vw, 951px\" \/><\/figure>\n<\/div>\n<\/div>\n\n\n\n<h1 class=\"wp-block-heading has-text-align-center\" style=\"font-size:48px\">Dates pass\u00e9es<\/h1>\n\n\n\n<p class=\"has-text-align-center\">Les spectacles ont \u00e9t\u00e9 accueillis dans diff\u00e9rents types de lieux : cr\u00e8ches, \u00e9coles maternelles et primaires, m\u00e9diath\u00e8ques, centres culturels et th\u00e9\u00e2tres.<br>Voici quelques endroits repr\u00e9sentatifs :<\/p>\n\n\n\n<p class=\"has-text-align-center\">\ud83c\udfad <span style=\"font-family: 'Roboto', sans-serif;\"><a href=\"https:\/\/www.paris.fr\/evenements\/spectacle-le-petit-chat-botte-106668\">Biblioth\u00e8que J. de Romilly <strong><strong>\u2013 <\/strong><\/strong>Paris 18e<\/a><\/span><strong><br>\ud83c\udfad <strong>Maison de la petite enfance \u2013 Villetaneuse<\/strong><br>\ud83c\udfad La Sc\u00e8ne des Quais \u2013 Auxerre<\/strong><\/p>\n\n\n\n<div style=\"height:17px\" aria-hidden=\"true\" class=\"wp-block-spacer\"><\/div>\n","protected":false},"excerpt":{"rendered":"<p>Dates \u00e0 venir Les repr\u00e9sentations \u00e0 venir sont ouvertes aux personnes en charge de la programmation et aux responsables de [&hellip;]<\/p>\n","protected":false},"author":1,"featured_media":0,"parent":0,"menu_order":0,"comment_status":"closed","ping_status":"closed","template":"","meta":{"site-sidebar-layout":"default","site-content-layout":"","ast-site-content-layout":"default","site-content-style":"default","site-sidebar-style":"default","ast-global-header-display":"","ast-banner-title-visibility":"","ast-main-header-display":"","ast-hfb-above-header-display":"","ast-hfb-below-header-display":"","ast-hfb-mobile-header-display":"","site-post-title":"disabled","ast-breadcrumbs-content":"","ast-featured-img":"","footer-sml-layout":"","ast-disable-related-posts":"","theme-transparent-header-meta":"","adv-header-id-meta":"","stick-header-meta":"","header-above-stick-meta":"","header-main-stick-meta":"","header-below-stick-meta":"","astra-migrate-meta-layouts":"default","ast-page-background-enabled":"default","ast-page-background-meta":{"desktop":{"background-color":"var(--ast-global-color-5)","background-image":"","background-repeat":"repeat","background-position":"center center","background-size":"auto","background-attachment":"scroll","background-type":"","background-media":"","overlay-type":"","overlay-color":"","overlay-opacity":"","overlay-gradient":""},"tablet":{"background-color":"","background-image":"","background-repeat":"repeat","background-position":"center center","background-size":"auto","background-attachment":"scroll","background-type":"","background-media":"","overlay-type":"","overlay-color":"","overlay-opacity":"","overlay-gradient":""},"mobile":{"background-color":"","background-image":"","background-repeat":"repeat","background-position":"center center","background-size":"auto","background-attachment":"scroll","background-type":"","background-media":"","overlay-type":"","overlay-color":"","overlay-opacity":"","overlay-gradient":""}},"ast-content-background-meta":{"desktop":{"background-color":"var(--ast-global-color-4)","background-image":"","background-repeat":"repeat","background-position":"center center","background-size":"auto","background-attachment":"scroll","background-type":"","background-media":"","overlay-type":"","overlay-color":"","overlay-opacity":"","overlay-gradient":""},"tablet":{"background-color":"var(--ast-global-color-4)","background-image":"","background-repeat":"repeat","background-position":"center center","background-size":"auto","background-attachment":"scroll","background-type":"","background-media":"","overlay-type":"","overlay-color":"","overlay-opacity":"","overlay-gradient":""},"mobile":{"background-color":"var(--ast-global-color-4)","background-image":"","background-repeat":"repeat","background-position":"center center","background-size":"auto","background-attachment":"scroll","background-type":"","background-media":"","overlay-type":"","overlay-color":"","overlay-opacity":"","overlay-gradient":""}},"footnotes":""},"class_list":["post-118","page","type-page","status-publish","hentry"],"_links":{"self":[{"href":"https:\/\/pirouettecie.fr\/index.php?rest_route=\/wp\/v2\/pages\/118","targetHints":{"allow":["GET"]}}],"collection":[{"href":"https:\/\/pirouettecie.fr\/index.php?rest_route=\/wp\/v2\/pages"}],"about":[{"href":"https:\/\/pirouettecie.fr\/index.php?rest_route=\/wp\/v2\/types\/page"}],"author":[{"embeddable":true,"href":"https:\/\/pirouettecie.fr\/index.php?rest_route=\/wp\/v2\/users\/1"}],"replies":[{"embeddable":true,"href":"https:\/\/pirouettecie.fr\/index.php?rest_route=%2Fwp%2Fv2%2Fcomments&post=118"}],"version-history":[{"count":87,"href":"https:\/\/pirouettecie.fr\/index.php?rest_route=\/wp\/v2\/pages\/118\/revisions"}],"predecessor-version":[{"id":748,"href":"https:\/\/pirouettecie.fr\/index.php?rest_route=\/wp\/v2\/pages\/118\/revisions\/748"}],"wp:attachment":[{"href":"https:\/\/pirouettecie.fr\/index.php?rest_route=%2Fwp%2Fv2%2Fmedia&parent=118"}],"curies":[{"name":"wp","href":"https:\/\/api.w.org\/{rel}","templated":true}]}}