{"id":136,"date":"2026-01-17T22:00:24","date_gmt":"2026-01-17T22:00:24","guid":{"rendered":"http:\/\/pirouettecie.fr\/?page_id=136"},"modified":"2026-01-28T14:10:41","modified_gmt":"2026-01-28T14:10:41","slug":"accueil-2","status":"publish","type":"page","link":"https:\/\/pirouettecie.fr\/","title":{"rendered":"Accueil"},"content":{"rendered":"\n<div style=\"height:55px\" aria-hidden=\"true\" class=\"wp-block-spacer\"><\/div>\n\n\n\n<h1 class=\"wp-block-heading has-text-align-center has-large-font-size\">Des contes musicaux <em>faits mains<\/em><\/h1>\n\n\n\n<div class=\"wp-block-columns text-columns is-layout-flex wp-container-core-columns-is-layout-28f84493 wp-block-columns-is-layout-flex\">\n<div class=\"wp-block-column is-layout-flow wp-block-column-is-layout-flow\">\n<p class=\"has-text-align-center\">Bas\u00e9e \u00e0 Paris, la <strong>Pirouette Cie<\/strong> propose des <strong>contes musicaux d\u00e8s 1 an<\/strong>, aux cr\u00e8ches, \u00e9coles, th\u00e9\u00e2tres et lieux culturels.<\/p>\n<\/div>\n\n\n\n<div class=\"wp-block-column is-layout-flow wp-block-column-is-layout-flow\">\n<p class=\"has-text-align-center\"><strong>Musique live<\/strong>, d\u00e9cors transformables, aventures dr\u00f4les et po\u00e9tiques !<\/p>\n<\/div>\n<\/div>\n\n\n\n<h1 class=\"wp-block-heading has-text-align-center has-ast-global-color-0-color has-text-color has-link-color has-large-font-size wp-elements-736c7974e2f02d43f915cc8a97f00bc8\">Nos spectacles<\/h1>\n\n\n\n<div class=\"wp-block-columns is-layout-flex wp-container-core-columns-is-layout-ec2e7a44 wp-block-columns-is-layout-flex\" style=\"padding-top:0;padding-bottom:0\">\n<div class=\"wp-block-column is-layout-flow wp-block-column-is-layout-flow\">\n<figure class=\"wp-block-image size-full\"><a href=\"https:\/\/pirouettecie.fr\/?page_id=114\"><img loading=\"lazy\" decoding=\"async\" width=\"1000\" height=\"1000\" src=\"https:\/\/pirouettecie.fr\/wp-content\/uploads\/2026\/01\/nos-spectacles-image-site-JPG.jpg\" alt=\"\" class=\"wp-image-672\" style=\"aspect-ratio:1;object-fit:cover\" srcset=\"https:\/\/pirouettecie.fr\/wp-content\/uploads\/2026\/01\/nos-spectacles-image-site-JPG.jpg 1000w, https:\/\/pirouettecie.fr\/wp-content\/uploads\/2026\/01\/nos-spectacles-image-site-JPG-300x300.jpg 300w, https:\/\/pirouettecie.fr\/wp-content\/uploads\/2026\/01\/nos-spectacles-image-site-JPG-150x150.jpg 150w, https:\/\/pirouettecie.fr\/wp-content\/uploads\/2026\/01\/nos-spectacles-image-site-JPG-768x768.jpg 768w\" sizes=\"auto, (max-width: 1000px) 100vw, 1000px\" \/><\/a><\/figure>\n\n\n\n<div class=\"wp-block-buttons has-background is-content-justification-center is-layout-flex wp-container-core-buttons-is-layout-a89b3969 wp-block-buttons-is-layout-flex\" style=\"background-color:#00000000\">\n<div class=\"wp-block-button is-style-fill\"><a class=\"wp-block-button__link has-background has-text-align-center wp-element-button\" href=\"https:\/\/pirouettecie.fr\/?page_id=114\" style=\"background-color:#f8b62d\">D\u00e9couvrir le spectacle<\/a><\/div>\n<\/div>\n<\/div>\n\n\n\n<div class=\"wp-block-column is-layout-flow wp-block-column-is-layout-flow\">\n<figure class=\"wp-block-image size-full\"><a href=\"https:\/\/pirouettecie.fr\/?page_id=116\"><img loading=\"lazy\" decoding=\"async\" width=\"1000\" height=\"1000\" src=\"https:\/\/pirouettecie.fr\/wp-content\/uploads\/2026\/01\/nos-spectacles-image-site-BOTTE-JPG.jpg\" alt=\"\" class=\"wp-image-673\" srcset=\"https:\/\/pirouettecie.fr\/wp-content\/uploads\/2026\/01\/nos-spectacles-image-site-BOTTE-JPG.jpg 1000w, https:\/\/pirouettecie.fr\/wp-content\/uploads\/2026\/01\/nos-spectacles-image-site-BOTTE-JPG-300x300.jpg 300w, https:\/\/pirouettecie.fr\/wp-content\/uploads\/2026\/01\/nos-spectacles-image-site-BOTTE-JPG-150x150.jpg 150w, https:\/\/pirouettecie.fr\/wp-content\/uploads\/2026\/01\/nos-spectacles-image-site-BOTTE-JPG-768x768.jpg 768w\" sizes=\"auto, (max-width: 1000px) 100vw, 1000px\" \/><\/a><\/figure>\n\n\n\n<div class=\"wp-block-buttons is-content-justification-center is-layout-flex wp-container-core-buttons-is-layout-a89b3969 wp-block-buttons-is-layout-flex\">\n<div class=\"wp-block-button\"><a class=\"wp-block-button__link has-background wp-element-button\" href=\"https:\/\/pirouettecie.fr\/?page_id=116\" style=\"background-color:#f8b62d\">D\u00e9couvrir le spectacle<\/a><\/div>\n<\/div>\n<\/div>\n<\/div>\n\n\n\n<div style=\"height:95px\" aria-hidden=\"true\" class=\"wp-block-spacer\"><\/div>\n\n\n\n<h1 class=\"wp-block-heading has-text-align-center has-large-font-size\">Ils\/Elles en parlent mieux que nous&#8230;<\/h1>\n\n\n\n<div class=\"wp-block-group is-layout-constrained wp-block-group-is-layout-constrained\">\n<figure class=\"wp-block-embed is-type-video is-provider-youtube wp-block-embed-youtube wp-embed-aspect-16-9 wp-has-aspect-ratio\"><div class=\"wp-block-embed__wrapper\">\n<iframe loading=\"lazy\" title=\"T\u00e9moignages - Pirouette Cie\" width=\"500\" height=\"281\" src=\"https:\/\/www.youtube.com\/embed\/Bz4PmEbDiGw?feature=oembed\" frameborder=\"0\" allow=\"accelerometer; autoplay; clipboard-write; encrypted-media; gyroscope; picture-in-picture; web-share\" referrerpolicy=\"strict-origin-when-cross-origin\" allowfullscreen><\/iframe>\n<\/div><\/figure>\n<\/div>\n","protected":false},"excerpt":{"rendered":"<p>Des contes musicaux faits mains Bas\u00e9e \u00e0 Paris, la Pirouette Cie propose des contes musicaux d\u00e8s 1 an, aux cr\u00e8ches, [&hellip;]<\/p>\n","protected":false},"author":1,"featured_media":0,"parent":0,"menu_order":0,"comment_status":"closed","ping_status":"closed","template":"","meta":{"site-sidebar-layout":"default","site-content-layout":"","ast-site-content-layout":"default","site-content-style":"default","site-sidebar-style":"default","ast-global-header-display":"","ast-banner-title-visibility":"","ast-main-header-display":"","ast-hfb-above-header-display":"","ast-hfb-below-header-display":"","ast-hfb-mobile-header-display":"","site-post-title":"disabled","ast-breadcrumbs-content":"","ast-featured-img":"","footer-sml-layout":"","ast-disable-related-posts":"","theme-transparent-header-meta":"","adv-header-id-meta":"","stick-header-meta":"","header-above-stick-meta":"","header-main-stick-meta":"","header-below-stick-meta":"","astra-migrate-meta-layouts":"default","ast-page-background-enabled":"default","ast-page-background-meta":{"desktop":{"background-color":"var(--ast-global-color-5)","background-image":"","background-repeat":"repeat","background-position":"center center","background-size":"auto","background-attachment":"scroll","background-type":"","background-media":"","overlay-type":"","overlay-color":"","overlay-opacity":"","overlay-gradient":""},"tablet":{"background-color":"","background-image":"","background-repeat":"repeat","background-position":"center center","background-size":"auto","background-attachment":"scroll","background-type":"","background-media":"","overlay-type":"","overlay-color":"","overlay-opacity":"","overlay-gradient":""},"mobile":{"background-color":"","background-image":"","background-repeat":"repeat","background-position":"center center","background-size":"auto","background-attachment":"scroll","background-type":"","background-media":"","overlay-type":"","overlay-color":"","overlay-opacity":"","overlay-gradient":""}},"ast-content-background-meta":{"desktop":{"background-color":"var(--ast-global-color-4)","background-image":"","background-repeat":"repeat","background-position":"center center","background-size":"auto","background-attachment":"scroll","background-type":"","background-media":"","overlay-type":"","overlay-color":"","overlay-opacity":"","overlay-gradient":""},"tablet":{"background-color":"var(--ast-global-color-4)","background-image":"","background-repeat":"repeat","background-position":"center center","background-size":"auto","background-attachment":"scroll","background-type":"","background-media":"","overlay-type":"","overlay-color":"","overlay-opacity":"","overlay-gradient":""},"mobile":{"background-color":"var(--ast-global-color-4)","background-image":"","background-repeat":"repeat","background-position":"center center","background-size":"auto","background-attachment":"scroll","background-type":"","background-media":"","overlay-type":"","overlay-color":"","overlay-opacity":"","overlay-gradient":""}},"footnotes":""},"class_list":["post-136","page","type-page","status-publish","hentry"],"_links":{"self":[{"href":"https:\/\/pirouettecie.fr\/index.php?rest_route=\/wp\/v2\/pages\/136","targetHints":{"allow":["GET"]}}],"collection":[{"href":"https:\/\/pirouettecie.fr\/index.php?rest_route=\/wp\/v2\/pages"}],"about":[{"href":"https:\/\/pirouettecie.fr\/index.php?rest_route=\/wp\/v2\/types\/page"}],"author":[{"embeddable":true,"href":"https:\/\/pirouettecie.fr\/index.php?rest_route=\/wp\/v2\/users\/1"}],"replies":[{"embeddable":true,"href":"https:\/\/pirouettecie.fr\/index.php?rest_route=%2Fwp%2Fv2%2Fcomments&post=136"}],"version-history":[{"count":42,"href":"https:\/\/pirouettecie.fr\/index.php?rest_route=\/wp\/v2\/pages\/136\/revisions"}],"predecessor-version":[{"id":701,"href":"https:\/\/pirouettecie.fr\/index.php?rest_route=\/wp\/v2\/pages\/136\/revisions\/701"}],"wp:attachment":[{"href":"https:\/\/pirouettecie.fr\/index.php?rest_route=%2Fwp%2Fv2%2Fmedia&parent=136"}],"curies":[{"name":"wp","href":"https:\/\/api.w.org\/{rel}","templated":true}]}}